{"id":1947,"date":"2013-11-30T08:51:34","date_gmt":"2013-11-30T08:51:34","guid":{"rendered":"https:\/\/life-is-a-trip.com\/?page_id=1947"},"modified":"2017-07-15T22:02:08","modified_gmt":"2017-07-15T20:02:08","slug":"newsletter","status":"publish","type":"page","link":"https:\/\/life-is-a-trip.com\/en\/newsletter\/","title":{"rendered":"Newsletter"},"content":{"rendered":"<p>Sign up if you don&#8217;t wanna miss anything in the future!<\/p>\n<div class=\"widget_wysija_cont shortcode_wysija\"><div id=\"msg-form-wysija-shortcode69e4a9705ff46-3\" class=\"wysija-msg ajax\"><\/div><form id=\"form-wysija-shortcode69e4a9705ff46-3\" method=\"post\" action=\"#wysija\" class=\"widget_wysija shortcode_wysija\">\n<p class=\"wysija-paragraph\">\n    <label>E-Mail <span class=\"wysija-required\">*<\/span><\/label>\n    \n    \t<input type=\"text\" name=\"wysija[user][email]\" class=\"wysija-input validate[required,custom[email]]\" title=\"E-Mail\"  value=\"\" \/>\n    \n    \n    \n    <span class=\"abs-req\">\n        <input type=\"text\" name=\"wysija[user][abs][email]\" class=\"wysija-input validated[abs][email]\" value=\"\" \/>\n    <\/span>\n    \n<\/p>\n\r\n<input class=\"wysija-submit wysija-submit-field\" type=\"submit\" value=\"Anmelden!\" \/>\n\n    <input type=\"hidden\" name=\"form_id\" value=\"3\" \/>\n    <input type=\"hidden\" name=\"action\" value=\"save\" \/>\n    <input type=\"hidden\" name=\"controller\" value=\"subscribers\" \/>\n    <input type=\"hidden\" value=\"1\" name=\"wysija-page\" \/>\n\n    \n        <input type=\"hidden\" name=\"wysija[user_list][list_ids]\" value=\"5\" \/>\n    \n <\/form><\/div>\n","protected":false},"excerpt":{"rendered":"<p>Sign up if you don&#8217;t wanna miss anything in the future!<\/p>\n","protected":false},"author":1,"featured_media":0,"parent":0,"menu_order":0,"comment_status":"open","ping_status":"open","template":"","meta":{"_acf_changed":false,"_uag_custom_page_level_css":"","footnotes":""},"class_list":{"0":"post-1947","1":"page","2":"type-page","3":"status-publish","5":"infinite-scroll-item","6":"no-featured-image-padding"},"acf":[],"yoast_head":"<!-- This site is optimized with the Yoast SEO plugin v27.4 - https:\/\/yoast.com\/product\/yoast-seo-wordpress\/ -->\n<title>Newsletter - LIFE IS A TRIP<\/title>\n<meta name=\"robots\" content=\"index, follow, max-snippet:-1, max-image-preview:large, max-video-preview:-1\" \/>\n<link rel=\"canonical\" href=\"https:\/\/life-is-a-trip.com\/en\/newsletter\/\" \/>\n<meta property=\"og:locale\" content=\"en_US\" \/>\n<meta property=\"og:type\" content=\"article\" \/>\n<meta property=\"og:title\" content=\"Newsletter - LIFE IS A TRIP\" \/>\n<meta property=\"og:description\" content=\"Sign up if you don&#8217;t wanna miss anything in the future!\" \/>\n<meta property=\"og:url\" content=\"https:\/\/life-is-a-trip.com\/en\/newsletter\/\" \/>\n<meta property=\"og:site_name\" content=\"LIFE IS A TRIP\" \/>\n<meta property=\"article:publisher\" content=\"https:\/\/www.facebook.com\/LifeIsATripCom\/\" \/>\n<meta property=\"article:modified_time\" content=\"2017-07-15T20:02:08+00:00\" \/>\n<meta property=\"og:image\" content=\"https:\/\/life-is-a-trip.com\/wp-content\/uploads\/2013\/11\/logolifeisatrip.png\" \/>\n\t<meta property=\"og:image:width\" content=\"425\" \/>\n\t<meta property=\"og:image:height\" content=\"242\" \/>\n\t<meta property=\"og:image:type\" content=\"image\/png\" \/>\n<meta name=\"twitter:card\" content=\"summary_large_image\" \/>\n<meta name=\"twitter:site\" content=\"@LifeIsATripCOM\" \/>\n<script type=\"application\/ld+json\" class=\"yoast-schema-graph\">{\"@context\":\"https:\\\/\\\/schema.org\",\"@graph\":[{\"@type\":\"WebPage\",\"@id\":\"https:\\\/\\\/life-is-a-trip.com\\\/en\\\/newsletter\\\/\",\"url\":\"https:\\\/\\\/life-is-a-trip.com\\\/en\\\/newsletter\\\/\",\"name\":\"Newsletter - LIFE IS A TRIP\",\"isPartOf\":{\"@id\":\"https:\\\/\\\/life-is-a-trip.com\\\/#website\"},\"datePublished\":\"2013-11-30T08:51:34+00:00\",\"dateModified\":\"2017-07-15T20:02:08+00:00\",\"breadcrumb\":{\"@id\":\"https:\\\/\\\/life-is-a-trip.com\\\/en\\\/newsletter\\\/#breadcrumb\"},\"inLanguage\":\"en-US\",\"potentialAction\":[{\"@type\":\"ReadAction\",\"target\":[\"https:\\\/\\\/life-is-a-trip.com\\\/en\\\/newsletter\\\/\"]}]},{\"@type\":\"BreadcrumbList\",\"@id\":\"https:\\\/\\\/life-is-a-trip.com\\\/en\\\/newsletter\\\/#breadcrumb\",\"itemListElement\":[{\"@type\":\"ListItem\",\"position\":1,\"name\":\"Startseite\",\"item\":\"https:\\\/\\\/life-is-a-trip.com\\\/en\\\/home\\\/\"},{\"@type\":\"ListItem\",\"position\":2,\"name\":\"Newsletter\"}]},{\"@type\":\"WebSite\",\"@id\":\"https:\\\/\\\/life-is-a-trip.com\\\/#website\",\"url\":\"https:\\\/\\\/life-is-a-trip.com\\\/\",\"name\":\"LIFE IS A TRIP\",\"description\":\"Campfire Storytelling 2.0\",\"publisher\":{\"@id\":\"https:\\\/\\\/life-is-a-trip.com\\\/#\\\/schema\\\/person\\\/83efd23a4e95d766f3dd96cde15fa7ec\"},\"potentialAction\":[{\"@type\":\"SearchAction\",\"target\":{\"@type\":\"EntryPoint\",\"urlTemplate\":\"https:\\\/\\\/life-is-a-trip.com\\\/?s={search_term_string}\"},\"query-input\":{\"@type\":\"PropertyValueSpecification\",\"valueRequired\":true,\"valueName\":\"search_term_string\"}}],\"inLanguage\":\"en-US\"},{\"@type\":[\"Person\",\"Organization\"],\"@id\":\"https:\\\/\\\/life-is-a-trip.com\\\/#\\\/schema\\\/person\\\/83efd23a4e95d766f3dd96cde15fa7ec\",\"name\":\"Marco Buch\",\"image\":{\"@type\":\"ImageObject\",\"inLanguage\":\"en-US\",\"@id\":\"https:\\\/\\\/life-is-a-trip.com\\\/wp-content\\\/uploads\\\/2018\\\/05\\\/Marco-Buch.png\",\"url\":\"https:\\\/\\\/life-is-a-trip.com\\\/wp-content\\\/uploads\\\/2018\\\/05\\\/Marco-Buch.png\",\"contentUrl\":\"https:\\\/\\\/life-is-a-trip.com\\\/wp-content\\\/uploads\\\/2018\\\/05\\\/Marco-Buch.png\",\"width\":702,\"height\":702,\"caption\":\"Marco Buch\"},\"logo\":{\"@id\":\"https:\\\/\\\/life-is-a-trip.com\\\/wp-content\\\/uploads\\\/2018\\\/05\\\/Marco-Buch.png\"},\"description\":\"Marco Buch ist Filmschaffender, Buchautor, Blogger, Weltreisender. Er ist ein neugieriger Mensch und viel unterwegs. Marco hat in \u00fcber 130 unterschiedlichen Jobs gearbeitet und 77 L\u00e4nder dieser Welt bereist. Er liebt es, Erfahrungen zu sammeln und sp\u00e4ter Anderen davon zu erz\u00e4hlen. Mit 'Life is a Trip' m\u00f6chte er die Tradition der Lagerfeuergeschichten ins digitale Zeitalter hin\u00fcberretten. Marco nimmt sich selbst nicht so wahnsinnig ernst und denkt, die Welt k\u00f6nnte eine bessere sein, wenn andere diesem Beispiel folgen w\u00fcrden.\",\"sameAs\":[\"https:\\\/\\\/life-is-a-trip.com\",\"https:\\\/\\\/www.facebook.com\\\/LifeIsATripCom\\\/\",\"https:\\\/\\\/www.instagram.com\\\/lifeisatripcom\\\/\",\"https:\\\/\\\/x.com\\\/https:\\\/\\\/twitter.com\\\/LifeIsATripCOM\"]}]}<\/script>\n<!-- \/ Yoast SEO plugin. -->","yoast_head_json":{"title":"Newsletter - LIFE IS A TRIP","robots":{"index":"index","follow":"follow","max-snippet":"max-snippet:-1","max-image-preview":"max-image-preview:large","max-video-preview":"max-video-preview:-1"},"canonical":"https:\/\/life-is-a-trip.com\/en\/newsletter\/","og_locale":"en_US","og_type":"article","og_title":"Newsletter - LIFE IS A TRIP","og_description":"Sign up if you don&#8217;t wanna miss anything in the future!","og_url":"https:\/\/life-is-a-trip.com\/en\/newsletter\/","og_site_name":"LIFE IS A TRIP","article_publisher":"https:\/\/www.facebook.com\/LifeIsATripCom\/","article_modified_time":"2017-07-15T20:02:08+00:00","og_image":[{"width":425,"height":242,"url":"https:\/\/life-is-a-trip.com\/wp-content\/uploads\/2013\/11\/logolifeisatrip.png","type":"image\/png"}],"twitter_card":"summary_large_image","twitter_site":"@LifeIsATripCOM","schema":{"@context":"https:\/\/schema.org","@graph":[{"@type":"WebPage","@id":"https:\/\/life-is-a-trip.com\/en\/newsletter\/","url":"https:\/\/life-is-a-trip.com\/en\/newsletter\/","name":"Newsletter - LIFE IS A TRIP","isPartOf":{"@id":"https:\/\/life-is-a-trip.com\/#website"},"datePublished":"2013-11-30T08:51:34+00:00","dateModified":"2017-07-15T20:02:08+00:00","breadcrumb":{"@id":"https:\/\/life-is-a-trip.com\/en\/newsletter\/#breadcrumb"},"inLanguage":"en-US","potentialAction":[{"@type":"ReadAction","target":["https:\/\/life-is-a-trip.com\/en\/newsletter\/"]}]},{"@type":"BreadcrumbList","@id":"https:\/\/life-is-a-trip.com\/en\/newsletter\/#breadcrumb","itemListElement":[{"@type":"ListItem","position":1,"name":"Startseite","item":"https:\/\/life-is-a-trip.com\/en\/home\/"},{"@type":"ListItem","position":2,"name":"Newsletter"}]},{"@type":"WebSite","@id":"https:\/\/life-is-a-trip.com\/#website","url":"https:\/\/life-is-a-trip.com\/","name":"LIFE IS A TRIP","description":"Campfire Storytelling 2.0","publisher":{"@id":"https:\/\/life-is-a-trip.com\/#\/schema\/person\/83efd23a4e95d766f3dd96cde15fa7ec"},"potentialAction":[{"@type":"SearchAction","target":{"@type":"EntryPoint","urlTemplate":"https:\/\/life-is-a-trip.com\/?s={search_term_string}"},"query-input":{"@type":"PropertyValueSpecification","valueRequired":true,"valueName":"search_term_string"}}],"inLanguage":"en-US"},{"@type":["Person","Organization"],"@id":"https:\/\/life-is-a-trip.com\/#\/schema\/person\/83efd23a4e95d766f3dd96cde15fa7ec","name":"Marco Buch","image":{"@type":"ImageObject","inLanguage":"en-US","@id":"https:\/\/life-is-a-trip.com\/wp-content\/uploads\/2018\/05\/Marco-Buch.png","url":"https:\/\/life-is-a-trip.com\/wp-content\/uploads\/2018\/05\/Marco-Buch.png","contentUrl":"https:\/\/life-is-a-trip.com\/wp-content\/uploads\/2018\/05\/Marco-Buch.png","width":702,"height":702,"caption":"Marco Buch"},"logo":{"@id":"https:\/\/life-is-a-trip.com\/wp-content\/uploads\/2018\/05\/Marco-Buch.png"},"description":"Marco Buch ist Filmschaffender, Buchautor, Blogger, Weltreisender. Er ist ein neugieriger Mensch und viel unterwegs. Marco hat in \u00fcber 130 unterschiedlichen Jobs gearbeitet und 77 L\u00e4nder dieser Welt bereist. Er liebt es, Erfahrungen zu sammeln und sp\u00e4ter Anderen davon zu erz\u00e4hlen. Mit 'Life is a Trip' m\u00f6chte er die Tradition der Lagerfeuergeschichten ins digitale Zeitalter hin\u00fcberretten. Marco nimmt sich selbst nicht so wahnsinnig ernst und denkt, die Welt k\u00f6nnte eine bessere sein, wenn andere diesem Beispiel folgen w\u00fcrden.","sameAs":["https:\/\/life-is-a-trip.com","https:\/\/www.facebook.com\/LifeIsATripCom\/","https:\/\/www.instagram.com\/lifeisatripcom\/","https:\/\/x.com\/https:\/\/twitter.com\/LifeIsATripCOM"]}]}},"uagb_featured_image_src":{"full":false,"thumbnail":false,"medium":false,"medium_large":false,"large":false,"wysija-newsletters-max":false,"1536x1536":false,"2048x2048":false,"mailpoet_newsletter_max":false},"uagb_author_info":{"display_name":"Marco Buch","author_link":"https:\/\/life-is-a-trip.com\/en\/author\/admin\/"},"uagb_comment_info":0,"uagb_excerpt":"Sign up if you don&#8217;t wanna miss anything in the future!","_links":{"self":[{"href":"https:\/\/life-is-a-trip.com\/en\/wp-json\/wp\/v2\/pages\/1947","targetHints":{"allow":["GET"]}}],"collection":[{"href":"https:\/\/life-is-a-trip.com\/en\/wp-json\/wp\/v2\/pages"}],"about":[{"href":"https:\/\/life-is-a-trip.com\/en\/wp-json\/wp\/v2\/types\/page"}],"author":[{"embeddable":true,"href":"https:\/\/life-is-a-trip.com\/en\/wp-json\/wp\/v2\/users\/1"}],"replies":[{"embeddable":true,"href":"https:\/\/life-is-a-trip.com\/en\/wp-json\/wp\/v2\/comments?post=1947"}],"version-history":[{"count":0,"href":"https:\/\/life-is-a-trip.com\/en\/wp-json\/wp\/v2\/pages\/1947\/revisions"}],"wp:attachment":[{"href":"https:\/\/life-is-a-trip.com\/en\/wp-json\/wp\/v2\/media?parent=1947"}],"curies":[{"name":"wp","href":"https:\/\/api.w.org\/{rel}","templated":true}]}}