{"id":1799,"date":"2013-11-14T16:24:12","date_gmt":"2013-11-14T16:24:12","guid":{"rendered":"https:\/\/life-is-a-trip.com\/?page_id=1799"},"modified":"2022-03-10T09:21:16","modified_gmt":"2022-03-10T08:21:16","slug":"imprint","status":"publish","type":"page","link":"https:\/\/life-is-a-trip.com\/en\/imprint\/","title":{"rendered":"Imprint"},"content":{"rendered":"<p><strong>According to \u00a7 5 TMG:<\/strong><\/p>\n<p>Marco Buch<\/p>\n<p>Wolgaster Strasse 9<br \/>\n13355 Berlin<\/p>\n<p>Germany<\/p>\n<p><strong>Contact:<\/strong><\/p>\n<p>Telefon: +491777467244<br \/>\nE-Mail: marco@life-is-a-trip.com<\/p>\n<p><strong>Umsatzsteuer-Identifikationsnummer<\/strong><\/p>\n<p>23\/245\/00641 (Finanzamt Wedding)<\/p>\n<p>Responsible for journalistic content:<\/p>\n<p>Marco Buch<\/p>\n<p><em>This imprint was created with \u00a0<a href=\"https:\/\/www.activemind.de\/datenschutz\/impressums-generator\/\">Impressums-Generator der activeMind AG<\/a>\u00a0.<\/em><\/p>\n<h2>Disclaimer<\/h2>\n<h3>Responsibilty for content<\/h3>\n<p>According to \u00a0\u00a7 7 Abs.1 TMG we are responsible for our own content on these pages. According to \u00a7\u00a7 8 bis 10 TMG we are not obliged to monitor transferred or saved external information.<\/p>\n<p>This does not account for our responsibility to remove or block the usage of information.<\/p>\n<h3>Responsibility for links<\/h3>\n<p>Our website contains links to websites of third parties, we have no influence on their content. Therefor, we are not responsible for this content, as it it is always the owner\/manager of the website who is responsible. The pages were checked for legal violations at the time of the linking. Such content was not identified.<\/p>\n<p>A permanent control of these websites is not feasible. We will, however, remove links if we find out about legal violations.<\/p>\n<h2>Mediation<\/h2>\n<p>Mediation according to Art. 14 Abs. 1 ODR-VO: The European Commission provides a platform for mediation which you find \u00a0<a href=\"http:\/\/ec.europa.eu\/consumers\/odr\/\">here<\/a>. We are not obliged to participate in such mediation.<\/p>\n<h2>Amazon partner program<\/h2>\n<p>Marco Buch is participant of the Amazon partner program. Amazon uses cookies in order to trace the origin of orders. Among others, Amazon can see that you clicked the partner link.<\/p>\n<h2>Data protection<\/h2>\n<p>Find the data protection <a href=\"https:\/\/life-is-a-trip.com\/en\/data-privacy-statement\/\">here<\/a>.<\/p>\n","protected":false},"excerpt":{"rendered":"<p>According to \u00a7 5 TMG: Marco Buch Wolgaster Strasse 9 13355 Berlin Germany Contact: Telefon: +491777467244 E-Mail: marco@life-is-a-trip.com Umsatzsteuer-Identifikationsnummer 23\/245\/00641 (Finanzamt Wedding) Responsible for journalistic content: Marco Buch This imprint was created with \u00a0Impressums-Generator der activeMind AG\u00a0. Disclaimer Responsibilty for content According to \u00a0\u00a7 7 &#8230; <a title=\"Imprint\" class=\"read-more\" href=\"https:\/\/life-is-a-trip.com\/en\/imprint\/\" aria-label=\"Read more about Imprint\"> <\/a><\/p>\n","protected":false},"author":1,"featured_media":0,"parent":0,"menu_order":0,"comment_status":"closed","ping_status":"closed","template":"","meta":{"_acf_changed":false,"_uag_custom_page_level_css":"","footnotes":""},"class_list":{"0":"post-1799","1":"page","2":"type-page","3":"status-publish","5":"infinite-scroll-item","6":"no-featured-image-padding"},"acf":[],"yoast_head":"<!-- This site is optimized with the Yoast SEO plugin v27.3 - https:\/\/yoast.com\/product\/yoast-seo-wordpress\/ -->\n<title>Imprint - LIFE IS A TRIP<\/title>\n<meta name=\"robots\" content=\"noindex, follow\" \/>\n<meta property=\"og:locale\" content=\"en_US\" \/>\n<meta property=\"og:type\" content=\"article\" \/>\n<meta property=\"og:title\" content=\"Imprint - LIFE IS A TRIP\" \/>\n<meta property=\"og:description\" content=\"According to \u00a7 5 TMG: Marco Buch Wolgaster Strasse 9 13355 Berlin Germany Contact: Telefon: +491777467244 E-Mail: marco@life-is-a-trip.com Umsatzsteuer-Identifikationsnummer 23\/245\/00641 (Finanzamt Wedding) Responsible for journalistic content: Marco Buch This imprint was created with \u00a0Impressums-Generator der activeMind AG\u00a0. Disclaimer Responsibilty for content According to \u00a0\u00a7 7 ...\" \/>\n<meta property=\"og:url\" content=\"https:\/\/life-is-a-trip.com\/en\/imprint\/\" \/>\n<meta property=\"og:site_name\" content=\"LIFE IS A TRIP\" \/>\n<meta property=\"article:publisher\" content=\"https:\/\/www.facebook.com\/LifeIsATripCom\/\" \/>\n<meta property=\"article:modified_time\" content=\"2022-03-10T08:21:16+00:00\" \/>\n<meta property=\"og:image\" content=\"https:\/\/life-is-a-trip.com\/wp-content\/uploads\/2013\/11\/logolifeisatrip.png\" \/>\n\t<meta property=\"og:image:width\" content=\"425\" \/>\n\t<meta property=\"og:image:height\" content=\"242\" \/>\n\t<meta property=\"og:image:type\" content=\"image\/png\" \/>\n<meta name=\"twitter:card\" content=\"summary_large_image\" \/>\n<meta name=\"twitter:site\" content=\"@LifeIsATripCOM\" \/>\n<meta name=\"twitter:label1\" content=\"Est. reading time\" \/>\n\t<meta name=\"twitter:data1\" content=\"1 minute\" \/>\n<script type=\"application\/ld+json\" class=\"yoast-schema-graph\">{\"@context\":\"https:\\\/\\\/schema.org\",\"@graph\":[{\"@type\":\"WebPage\",\"@id\":\"https:\\\/\\\/life-is-a-trip.com\\\/en\\\/imprint\\\/\",\"url\":\"https:\\\/\\\/life-is-a-trip.com\\\/en\\\/imprint\\\/\",\"name\":\"Imprint - LIFE IS A TRIP\",\"isPartOf\":{\"@id\":\"https:\\\/\\\/life-is-a-trip.com\\\/#website\"},\"datePublished\":\"2013-11-14T16:24:12+00:00\",\"dateModified\":\"2022-03-10T08:21:16+00:00\",\"breadcrumb\":{\"@id\":\"https:\\\/\\\/life-is-a-trip.com\\\/en\\\/imprint\\\/#breadcrumb\"},\"inLanguage\":\"en-US\",\"potentialAction\":[{\"@type\":\"ReadAction\",\"target\":[\"https:\\\/\\\/life-is-a-trip.com\\\/en\\\/imprint\\\/\"]}]},{\"@type\":\"BreadcrumbList\",\"@id\":\"https:\\\/\\\/life-is-a-trip.com\\\/en\\\/imprint\\\/#breadcrumb\",\"itemListElement\":[{\"@type\":\"ListItem\",\"position\":1,\"name\":\"Startseite\",\"item\":\"https:\\\/\\\/life-is-a-trip.com\\\/en\\\/home\\\/\"},{\"@type\":\"ListItem\",\"position\":2,\"name\":\"Imprint\"}]},{\"@type\":\"WebSite\",\"@id\":\"https:\\\/\\\/life-is-a-trip.com\\\/#website\",\"url\":\"https:\\\/\\\/life-is-a-trip.com\\\/\",\"name\":\"LIFE IS A TRIP\",\"description\":\"Campfire Storytelling 2.0\",\"publisher\":{\"@id\":\"https:\\\/\\\/life-is-a-trip.com\\\/#\\\/schema\\\/person\\\/83efd23a4e95d766f3dd96cde15fa7ec\"},\"potentialAction\":[{\"@type\":\"SearchAction\",\"target\":{\"@type\":\"EntryPoint\",\"urlTemplate\":\"https:\\\/\\\/life-is-a-trip.com\\\/?s={search_term_string}\"},\"query-input\":{\"@type\":\"PropertyValueSpecification\",\"valueRequired\":true,\"valueName\":\"search_term_string\"}}],\"inLanguage\":\"en-US\"},{\"@type\":[\"Person\",\"Organization\"],\"@id\":\"https:\\\/\\\/life-is-a-trip.com\\\/#\\\/schema\\\/person\\\/83efd23a4e95d766f3dd96cde15fa7ec\",\"name\":\"Marco Buch\",\"image\":{\"@type\":\"ImageObject\",\"inLanguage\":\"en-US\",\"@id\":\"https:\\\/\\\/life-is-a-trip.com\\\/wp-content\\\/uploads\\\/2018\\\/05\\\/Marco-Buch.png\",\"url\":\"https:\\\/\\\/life-is-a-trip.com\\\/wp-content\\\/uploads\\\/2018\\\/05\\\/Marco-Buch.png\",\"contentUrl\":\"https:\\\/\\\/life-is-a-trip.com\\\/wp-content\\\/uploads\\\/2018\\\/05\\\/Marco-Buch.png\",\"width\":702,\"height\":702,\"caption\":\"Marco Buch\"},\"logo\":{\"@id\":\"https:\\\/\\\/life-is-a-trip.com\\\/wp-content\\\/uploads\\\/2018\\\/05\\\/Marco-Buch.png\"},\"description\":\"Marco Buch ist Filmschaffender, Buchautor, Blogger, Weltreisender. Er ist ein neugieriger Mensch und viel unterwegs. Marco hat in \u00fcber 130 unterschiedlichen Jobs gearbeitet und 77 L\u00e4nder dieser Welt bereist. Er liebt es, Erfahrungen zu sammeln und sp\u00e4ter Anderen davon zu erz\u00e4hlen. Mit 'Life is a Trip' m\u00f6chte er die Tradition der Lagerfeuergeschichten ins digitale Zeitalter hin\u00fcberretten. Marco nimmt sich selbst nicht so wahnsinnig ernst und denkt, die Welt k\u00f6nnte eine bessere sein, wenn andere diesem Beispiel folgen w\u00fcrden.\",\"sameAs\":[\"https:\\\/\\\/life-is-a-trip.com\",\"https:\\\/\\\/www.facebook.com\\\/LifeIsATripCom\\\/\",\"https:\\\/\\\/www.instagram.com\\\/lifeisatripcom\\\/\",\"https:\\\/\\\/x.com\\\/https:\\\/\\\/twitter.com\\\/LifeIsATripCOM\"]}]}<\/script>\n<!-- \/ Yoast SEO plugin. -->","yoast_head_json":{"title":"Imprint - LIFE IS A TRIP","robots":{"index":"noindex","follow":"follow"},"og_locale":"en_US","og_type":"article","og_title":"Imprint - LIFE IS A TRIP","og_description":"According to \u00a7 5 TMG: Marco Buch Wolgaster Strasse 9 13355 Berlin Germany Contact: Telefon: +491777467244 E-Mail: marco@life-is-a-trip.com Umsatzsteuer-Identifikationsnummer 23\/245\/00641 (Finanzamt Wedding) Responsible for journalistic content: Marco Buch This imprint was created with \u00a0Impressums-Generator der activeMind AG\u00a0. Disclaimer Responsibilty for content According to \u00a0\u00a7 7 ...","og_url":"https:\/\/life-is-a-trip.com\/en\/imprint\/","og_site_name":"LIFE IS A TRIP","article_publisher":"https:\/\/www.facebook.com\/LifeIsATripCom\/","article_modified_time":"2022-03-10T08:21:16+00:00","og_image":[{"width":425,"height":242,"url":"https:\/\/life-is-a-trip.com\/wp-content\/uploads\/2013\/11\/logolifeisatrip.png","type":"image\/png"}],"twitter_card":"summary_large_image","twitter_site":"@LifeIsATripCOM","twitter_misc":{"Est. reading time":"1 minute"},"schema":{"@context":"https:\/\/schema.org","@graph":[{"@type":"WebPage","@id":"https:\/\/life-is-a-trip.com\/en\/imprint\/","url":"https:\/\/life-is-a-trip.com\/en\/imprint\/","name":"Imprint - LIFE IS A TRIP","isPartOf":{"@id":"https:\/\/life-is-a-trip.com\/#website"},"datePublished":"2013-11-14T16:24:12+00:00","dateModified":"2022-03-10T08:21:16+00:00","breadcrumb":{"@id":"https:\/\/life-is-a-trip.com\/en\/imprint\/#breadcrumb"},"inLanguage":"en-US","potentialAction":[{"@type":"ReadAction","target":["https:\/\/life-is-a-trip.com\/en\/imprint\/"]}]},{"@type":"BreadcrumbList","@id":"https:\/\/life-is-a-trip.com\/en\/imprint\/#breadcrumb","itemListElement":[{"@type":"ListItem","position":1,"name":"Startseite","item":"https:\/\/life-is-a-trip.com\/en\/home\/"},{"@type":"ListItem","position":2,"name":"Imprint"}]},{"@type":"WebSite","@id":"https:\/\/life-is-a-trip.com\/#website","url":"https:\/\/life-is-a-trip.com\/","name":"LIFE IS A TRIP","description":"Campfire Storytelling 2.0","publisher":{"@id":"https:\/\/life-is-a-trip.com\/#\/schema\/person\/83efd23a4e95d766f3dd96cde15fa7ec"},"potentialAction":[{"@type":"SearchAction","target":{"@type":"EntryPoint","urlTemplate":"https:\/\/life-is-a-trip.com\/?s={search_term_string}"},"query-input":{"@type":"PropertyValueSpecification","valueRequired":true,"valueName":"search_term_string"}}],"inLanguage":"en-US"},{"@type":["Person","Organization"],"@id":"https:\/\/life-is-a-trip.com\/#\/schema\/person\/83efd23a4e95d766f3dd96cde15fa7ec","name":"Marco Buch","image":{"@type":"ImageObject","inLanguage":"en-US","@id":"https:\/\/life-is-a-trip.com\/wp-content\/uploads\/2018\/05\/Marco-Buch.png","url":"https:\/\/life-is-a-trip.com\/wp-content\/uploads\/2018\/05\/Marco-Buch.png","contentUrl":"https:\/\/life-is-a-trip.com\/wp-content\/uploads\/2018\/05\/Marco-Buch.png","width":702,"height":702,"caption":"Marco Buch"},"logo":{"@id":"https:\/\/life-is-a-trip.com\/wp-content\/uploads\/2018\/05\/Marco-Buch.png"},"description":"Marco Buch ist Filmschaffender, Buchautor, Blogger, Weltreisender. Er ist ein neugieriger Mensch und viel unterwegs. Marco hat in \u00fcber 130 unterschiedlichen Jobs gearbeitet und 77 L\u00e4nder dieser Welt bereist. Er liebt es, Erfahrungen zu sammeln und sp\u00e4ter Anderen davon zu erz\u00e4hlen. Mit 'Life is a Trip' m\u00f6chte er die Tradition der Lagerfeuergeschichten ins digitale Zeitalter hin\u00fcberretten. Marco nimmt sich selbst nicht so wahnsinnig ernst und denkt, die Welt k\u00f6nnte eine bessere sein, wenn andere diesem Beispiel folgen w\u00fcrden.","sameAs":["https:\/\/life-is-a-trip.com","https:\/\/www.facebook.com\/LifeIsATripCom\/","https:\/\/www.instagram.com\/lifeisatripcom\/","https:\/\/x.com\/https:\/\/twitter.com\/LifeIsATripCOM"]}]}},"uagb_featured_image_src":{"full":false,"thumbnail":false,"medium":false,"medium_large":false,"large":false,"wysija-newsletters-max":false,"1536x1536":false,"2048x2048":false,"mailpoet_newsletter_max":false},"uagb_author_info":{"display_name":"Marco Buch","author_link":"https:\/\/life-is-a-trip.com\/en\/author\/admin\/"},"uagb_comment_info":0,"uagb_excerpt":"According to \u00a7 5 TMG: Marco Buch Wolgaster Strasse 9 13355 Berlin Germany Contact: Telefon: +491777467244 E-Mail: marco@life-is-a-trip.com Umsatzsteuer-Identifikationsnummer 23\/245\/00641 (Finanzamt Wedding) Responsible for journalistic content: Marco Buch This imprint was created with \u00a0Impressums-Generator der activeMind AG\u00a0. Disclaimer Responsibilty for content According to \u00a0\u00a7 7 ...","_links":{"self":[{"href":"https:\/\/life-is-a-trip.com\/en\/wp-json\/wp\/v2\/pages\/1799","targetHints":{"allow":["GET"]}}],"collection":[{"href":"https:\/\/life-is-a-trip.com\/en\/wp-json\/wp\/v2\/pages"}],"about":[{"href":"https:\/\/life-is-a-trip.com\/en\/wp-json\/wp\/v2\/types\/page"}],"author":[{"embeddable":true,"href":"https:\/\/life-is-a-trip.com\/en\/wp-json\/wp\/v2\/users\/1"}],"replies":[{"embeddable":true,"href":"https:\/\/life-is-a-trip.com\/en\/wp-json\/wp\/v2\/comments?post=1799"}],"version-history":[{"count":0,"href":"https:\/\/life-is-a-trip.com\/en\/wp-json\/wp\/v2\/pages\/1799\/revisions"}],"wp:attachment":[{"href":"https:\/\/life-is-a-trip.com\/en\/wp-json\/wp\/v2\/media?parent=1799"}],"curies":[{"name":"wp","href":"https:\/\/api.w.org\/{rel}","templated":true}]}}