{"id":1566,"date":"2013-11-08T20:40:34","date_gmt":"2013-11-08T19:40:34","guid":{"rendered":"https:\/\/life-is-a-trip.com\/?page_id=1566"},"modified":"2019-03-01T14:46:07","modified_gmt":"2019-03-01T13:46:07","slug":"about-life-is-a-trip","status":"publish","type":"page","link":"https:\/\/life-is-a-trip.com\/en\/about-life-is-a-trip\/","title":{"rendered":"Here for the first time?"},"content":{"rendered":"<h2>About Life is a Trip:<\/h2>\n<p>On Life is Trip you will find travel stories which ignite your wanderlust and travel advice so you can experience your own adventures! I have 83 countries under my belt and a lot of anecdotes to tell! Check out my books, too, one of them is also available in English:<\/p>\n<p><a href=\"https:\/\/www.amazon.de\/Marco-Buch\/e\/B00H5NRA58\/ref=sr_ntt_srch_lnk_2?qid=1516155719&amp;sr=8-2\" target=\"_blank\" rel=\"nofollow noopener noreferrer\"><img loading=\"lazy\" decoding=\"async\" class=\"aligncenter wp-image-7853 size-full\" src=\"https:\/\/life-is-a-trip.com\/wp-content\/uploads\/2014\/11\/alle_buecher_2017_2.jpg\" alt=\"B\u00fccher von Marco Buch\" width=\"740\" height=\"418\" srcset=\"https:\/\/life-is-a-trip.com\/wp-content\/uploads\/2014\/11\/alle_buecher_2017_2.jpg 740w, https:\/\/life-is-a-trip.com\/wp-content\/uploads\/2014\/11\/alle_buecher_2017_2-600x339.jpg 600w\" sizes=\"auto, (max-width: 740px) 100vw, 740px\" \/><\/a><\/p>\n<h2>About Marco Buch:<\/h2>\n<p>I am a <strong>curious person<\/strong>. I am someone who wants to <strong>try everything<\/strong> at least once before judging about it. I am someone who is always open to <strong>something new<\/strong> and who knows how to <strong>cherish the moment<\/strong>. And I like <strong>being\u00a0on the road<\/strong>.<\/p>\n<p>During the last fifteen years I have spent about <strong>four\u00a0years<\/strong> combined travelling this <strong>fantastic planet<\/strong>. The list of countries I have visited grows permanently (currently: 83). But I don&#8217;t do it for the number, as anyone can hop from A to B for getting stamps in his passport. I want to <strong>indulge in a place<\/strong> and inhale it with all my senses. And then I want to tell stories about that. And maybe it&#8217;s you who wants to read them!<\/p>\n<p><img loading=\"lazy\" decoding=\"async\" class=\"alignnone\" src=\"https:\/\/life-is-a-trip.com\/wp-content\/uploads\/2012\/02\/IMGP6143-My-new-career.jpg\" alt=\"Life is a trip: Marco Buch on a horsecart in Myanmar\" width=\"800\" height=\"533\" \/><\/p>\n<p>I have worked in more than <strong>100 different jobs<\/strong>. At the moment I describe myself as a <strong>location scout<\/strong> and <strong>location manager<\/strong> for film shoots, <strong>blogger<\/strong>, <strong>speaker<\/strong>\u00a0and <strong>author<\/strong>. During the last two decades I have lived in <strong>four countries<\/strong> (Germany, USA, Spain and Thailand) and <strong>five federal German states<\/strong>. Currently I feel at home in <strong>Brandenburg<\/strong> and on the island of <strong>Ko Phangan<\/strong>, Thailand.<\/p>\n<p><strong>And now, let&#8217;s get back on the road, shall we?!<\/strong><\/p>\n<p><img loading=\"lazy\" decoding=\"async\" class=\"alignnone\" src=\"https:\/\/life-is-a-trip.com\/wp-content\/uploads\/2013\/05\/12040055.jpg\" alt=\"Life is a trip: Marco Buch on a beach in Costa Rica\" width=\"400\" height=\"534\" \/><\/p>\n<p><span style=\"border-top-left-radius: 2px; border-top-right-radius: 2px; border-bottom-right-radius: 2px; border-bottom-left-radius: 2px; text-indent: 20px; width: auto; padding: 0px 4px 0px 0px; text-align: center; font-style: normal; font-variant-caps: normal; font-weight: bold; font-stretch: normal; font-size: 11px; line-height: 20px; font-family: 'Helvetica Neue', Helvetica, sans-serif; color: #ffffff; background-image: url(data:image\/svg+xml; base64,phn2zyb4bwxucz0iahr0cdovl3d3dy53my5vcmcvmjawmc9zdmciighlawdodd0imzbwecigd2lkdgg9ijmwchgiihzpzxdcb3g9ii0xic0xidmxidmxij48zz48cgf0acbkpsjnmjkundq5lde0ljy2mibdmjkundq5ldiyljcymiaymi44njgsmjkumju2ide0ljc1ldi5lji1nibdni42mzismjkumju2idaumduxldiyljcymiawlja1mswxnc42njigqzaumduxldyunjaxidyunjmyldaumdy3ide0ljc1ldaumdy3iemymi44njgsmc4wnjcgmjkundq5ldyunjaxidi5ljq0oswxnc42njiiigzpbgw9iinmzmyiihn0cm9rzt0ii2zmziigc3ryb2tllxdpzhropsixij48l3bhdgg+phbhdgggzd0itte0ljczmywxljy4nibdny41mtysms42odygms42njusny40otugms42njusmtqunjyyiemxljy2nswymc4xntkgns4xmdksmjquodu0idkuotcsmjyunzq0iem5ljg1niwyns43mtggos43ntmsmjqumtqzidewljaxniwymy4wmjigqzewlji1mywymi4wmsaxms41ndgsmtyuntcyidexlju0ocwxni41nzigqzexlju0ocwxni41nzigmteumtu3lde1ljc5nsaxms4xntcsmtqunjq2iemxms4xntcsmtiuodqyideyljixmswxms40otugmtmuntiyldexljq5nsbdmtqunjm3ldexljq5nsaxns4xnzusmtiumzi2ide1lje3nswxmy4zmjmgqze1lje3nswxnc40mzygmtqundyylde2ljegmtqumdkzlde3ljy0mybdmtmunzg1lde4ljkznsaxnc43ndusmtkuotg4ide2ljayocwxos45odggqze4ljm1mswxos45odggmjaumtm2lde3lju1niaymc4xmzysmtqumdq2iemymc4xmzysmtauotm5ide3ljg4ocw4ljc2nyaxnc42nzgsoc43njcgqzewljk1osw4ljc2nya4ljc3nywxms41mzygoc43nzcsmtqumzk4iem4ljc3nywxns41mtmgos4ymswxni43mdkgos43ndksmtcumzu5iem5ljg1niwxny40odggos44nzismtcunia5ljg0lde3ljczmsbdos43ndesmtgumtqxidkuntismtkumdizidkundc3lde5ljiwmybdos40miwxos40nca5lji4ocwxos40otegos4wncwxos4znzygqzcunda4lde4ljyymia2ljm4nywxni4yntigni4zodcsmtqumzq5iem2ljm4nywxmc4yntygos4zodmsni40otcgmtuumdiyldyundk3iemxos41ntusni40otcgmjmumdc4ldkunza1idizlja3ocwxmy45otegqzizlja3ocwxoc40njmgmjaumjm5ldiylja2miaxni4yotcsmjiumdyyiemxnc45nzmsmjiumdyyidezljcyocwyms4znzkgmtmumzayldiwlju3mibdmtmumzayldiwlju3miaxmi42ndcsmjmumdugmtiundg4ldizljy1nybdmtiumtkzldi0ljc4ncaxms4zotysmjyumtk2idewljg2mywyny4wntggqzeylja4niwyny40mzqgmtmumzg2ldi3ljyznyaxnc43mzmsmjcunjm3iemyms45nswyny42mzcgmjcuodaxldixljgyocayny44mdesmtqunjyyiemyny44mdesny40otugmjeuotusms42odygmtqunzmzldeunjg2iibmawxspsijymqwodfjij48l3bhdgg+pc9npjwvc3znpg==); background-size: 14px 14px; background-color: #bd081c; position: absolute; opacity: 1; z-index: 8675309; display: none; cursor: pointer; border: none; -webkit-font-smoothing: antialiased; top: 184px; left: 26px; background-position: 3px 50%; background-repeat: no-repeat no-repeat;\">Merken<\/span><span style=\"border-top-left-radius: 2px; border-top-right-radius: 2px; border-bottom-right-radius: 2px; border-bottom-left-radius: 2px; text-indent: 20px; width: auto; padding: 0px 4px 0px 0px; text-align: center; font-style: normal; font-variant-caps: normal; font-weight: bold; font-stretch: normal; font-size: 11px; line-height: 20px; font-family: 'Helvetica Neue', Helvetica, sans-serif; color: #ffffff; background-image: url(data:image\/svg+xml; base64,phn2zyb4bwxucz0iahr0cdovl3d3dy53my5vcmcvmjawmc9zdmciighlawdodd0imzbwecigd2lkdgg9ijmwchgiihzpzxdcb3g9ii0xic0xidmxidmxij48zz48cgf0acbkpsjnmjkundq5lde0ljy2mibdmjkundq5ldiyljcymiaymi44njgsmjkumju2ide0ljc1ldi5lji1nibdni42mzismjkumju2idaumduxldiyljcymiawlja1mswxnc42njigqzaumduxldyunjaxidyunjmyldaumdy3ide0ljc1ldaumdy3iemymi44njgsmc4wnjcgmjkundq5ldyunjaxidi5ljq0oswxnc42njiiigzpbgw9iinmzmyiihn0cm9rzt0ii2zmziigc3ryb2tllxdpzhropsixij48l3bhdgg+phbhdgggzd0itte0ljczmywxljy4nibdny41mtysms42odygms42njusny40otugms42njusmtqunjyyiemxljy2nswymc4xntkgns4xmdksmjquodu0idkuotcsmjyunzq0iem5ljg1niwyns43mtggos43ntmsmjqumtqzidewljaxniwymy4wmjigqzewlji1mywymi4wmsaxms41ndgsmtyuntcyidexlju0ocwxni41nzigqzexlju0ocwxni41nzigmteumtu3lde1ljc5nsaxms4xntcsmtqunjq2iemxms4xntcsmtiuodqyideyljixmswxms40otugmtmuntiyldexljq5nsbdmtqunjm3ldexljq5nsaxns4xnzusmtiumzi2ide1lje3nswxmy4zmjmgqze1lje3nswxnc40mzygmtqundyylde2ljegmtqumdkzlde3ljy0mybdmtmunzg1lde4ljkznsaxnc43ndusmtkuotg4ide2ljayocwxos45odggqze4ljm1mswxos45odggmjaumtm2lde3lju1niaymc4xmzysmtqumdq2iemymc4xmzysmtauotm5ide3ljg4ocw4ljc2nyaxnc42nzgsoc43njcgqzewljk1osw4ljc2nya4ljc3nywxms41mzygoc43nzcsmtqumzk4iem4ljc3nywxns41mtmgos4ymswxni43mdkgos43ndksmtcumzu5iem5ljg1niwxny40odggos44nzismtcunia5ljg0lde3ljczmsbdos43ndesmtgumtqxidkuntismtkumdizidkundc3lde5ljiwmybdos40miwxos40nca5lji4ocwxos40otegos4wncwxos4znzygqzcunda4lde4ljyymia2ljm4nywxni4yntigni4zodcsmtqumzq5iem2ljm4nywxmc4yntygos4zodmsni40otcgmtuumdiyldyundk3iemxos41ntusni40otcgmjmumdc4ldkunza1idizlja3ocwxmy45otegqzizlja3ocwxoc40njmgmjaumjm5ldiylja2miaxni4yotcsmjiumdyyiemxnc45nzmsmjiumdyyidezljcyocwyms4znzkgmtmumzayldiwlju3mibdmtmumzayldiwlju3miaxmi42ndcsmjmumdugmtiundg4ldizljy1nybdmtiumtkzldi0ljc4ncaxms4zotysmjyumtk2idewljg2mywyny4wntggqzeylja4niwyny40mzqgmtmumzg2ldi3ljyznyaxnc43mzmsmjcunjm3iemyms45nswyny42mzcgmjcuodaxldixljgyocayny44mdesmtqunjyyiemyny44mdesny40otugmjeuotusms42odygmtqunzmzldeunjg2iibmawxspsijymqwodfjij48l3bhdgg+pc9npjwvc3znpg==); background-size: 14px 14px; background-color: #bd081c; position: absolute; opacity: 1; z-index: 8675309; display: none; cursor: pointer; border: none; -webkit-font-smoothing: antialiased; top: 184px; left: 26px; background-position: 3px 50%; background-repeat: no-repeat no-repeat;\">Merken<\/span><\/p>\n","protected":false},"excerpt":{"rendered":"<p>About Life is a Trip: On Life is Trip you will find travel stories which ignite your wanderlust and travel advice so you can experience your own adventures! I have 83 countries under my belt and a lot of anecdotes to tell! Check out my &#8230; <a title=\"Here for the first time?\" class=\"read-more\" href=\"https:\/\/life-is-a-trip.com\/en\/about-life-is-a-trip\/\" aria-label=\"Read more about Here for the first time?\"> <\/a><\/p>\n","protected":false},"author":1,"featured_media":0,"parent":0,"menu_order":0,"comment_status":"open","ping_status":"closed","template":"","meta":{"_acf_changed":false,"_uag_custom_page_level_css":"","footnotes":""},"class_list":{"0":"post-1566","1":"page","2":"type-page","3":"status-publish","5":"infinite-scroll-item","6":"no-featured-image-padding"},"acf":[],"yoast_head":"<!-- This site is optimized with the Yoast SEO plugin v27.4 - https:\/\/yoast.com\/product\/yoast-seo-wordpress\/ -->\n<title>Here for the first time? - LIFE IS A TRIP<\/title>\n<meta name=\"robots\" content=\"index, follow, max-snippet:-1, max-image-preview:large, max-video-preview:-1\" \/>\n<link rel=\"canonical\" href=\"https:\/\/life-is-a-trip.com\/en\/about-life-is-a-trip\/\" \/>\n<meta property=\"og:locale\" content=\"en_US\" \/>\n<meta property=\"og:type\" content=\"article\" \/>\n<meta property=\"og:title\" content=\"Here for the first time? - LIFE IS A TRIP\" \/>\n<meta property=\"og:description\" content=\"About Life is a Trip: On Life is Trip you will find travel stories which ignite your wanderlust and travel advice so you can experience your own adventures! I have 83 countries under my belt and a lot of anecdotes to tell! Check out my ...\" \/>\n<meta property=\"og:url\" content=\"https:\/\/life-is-a-trip.com\/en\/about-life-is-a-trip\/\" \/>\n<meta property=\"og:site_name\" content=\"LIFE IS A TRIP\" \/>\n<meta property=\"article:publisher\" content=\"https:\/\/www.facebook.com\/LifeIsATripCom\/\" \/>\n<meta property=\"article:modified_time\" content=\"2019-03-01T13:46:07+00:00\" \/>\n<meta property=\"og:image\" content=\"https:\/\/life-is-a-trip.com\/wp-content\/uploads\/2014\/11\/alle_buecher_2017_2.jpg\" \/>\n<meta name=\"twitter:card\" content=\"summary_large_image\" \/>\n<meta name=\"twitter:site\" content=\"@LifeIsATripCOM\" \/>\n<meta name=\"twitter:label1\" content=\"Est. reading time\" \/>\n\t<meta name=\"twitter:data1\" content=\"1 minute\" \/>\n<script type=\"application\/ld+json\" class=\"yoast-schema-graph\">{\"@context\":\"https:\\\/\\\/schema.org\",\"@graph\":[{\"@type\":\"WebPage\",\"@id\":\"https:\\\/\\\/life-is-a-trip.com\\\/en\\\/about-life-is-a-trip\\\/\",\"url\":\"https:\\\/\\\/life-is-a-trip.com\\\/en\\\/about-life-is-a-trip\\\/\",\"name\":\"Here for the first time? - LIFE IS A TRIP\",\"isPartOf\":{\"@id\":\"https:\\\/\\\/life-is-a-trip.com\\\/#website\"},\"primaryImageOfPage\":{\"@id\":\"https:\\\/\\\/life-is-a-trip.com\\\/en\\\/about-life-is-a-trip\\\/#primaryimage\"},\"image\":{\"@id\":\"https:\\\/\\\/life-is-a-trip.com\\\/en\\\/about-life-is-a-trip\\\/#primaryimage\"},\"thumbnailUrl\":\"https:\\\/\\\/life-is-a-trip.com\\\/wp-content\\\/uploads\\\/2014\\\/11\\\/alle_buecher_2017_2.jpg\",\"datePublished\":\"2013-11-08T19:40:34+00:00\",\"dateModified\":\"2019-03-01T13:46:07+00:00\",\"breadcrumb\":{\"@id\":\"https:\\\/\\\/life-is-a-trip.com\\\/en\\\/about-life-is-a-trip\\\/#breadcrumb\"},\"inLanguage\":\"en-US\",\"potentialAction\":[{\"@type\":\"ReadAction\",\"target\":[\"https:\\\/\\\/life-is-a-trip.com\\\/en\\\/about-life-is-a-trip\\\/\"]}]},{\"@type\":\"ImageObject\",\"inLanguage\":\"en-US\",\"@id\":\"https:\\\/\\\/life-is-a-trip.com\\\/en\\\/about-life-is-a-trip\\\/#primaryimage\",\"url\":\"https:\\\/\\\/life-is-a-trip.com\\\/wp-content\\\/uploads\\\/2014\\\/11\\\/alle_buecher_2017_2.jpg\",\"contentUrl\":\"https:\\\/\\\/life-is-a-trip.com\\\/wp-content\\\/uploads\\\/2014\\\/11\\\/alle_buecher_2017_2.jpg\"},{\"@type\":\"BreadcrumbList\",\"@id\":\"https:\\\/\\\/life-is-a-trip.com\\\/en\\\/about-life-is-a-trip\\\/#breadcrumb\",\"itemListElement\":[{\"@type\":\"ListItem\",\"position\":1,\"name\":\"Startseite\",\"item\":\"https:\\\/\\\/life-is-a-trip.com\\\/en\\\/home\\\/\"},{\"@type\":\"ListItem\",\"position\":2,\"name\":\"Here for the first time?\"}]},{\"@type\":\"WebSite\",\"@id\":\"https:\\\/\\\/life-is-a-trip.com\\\/#website\",\"url\":\"https:\\\/\\\/life-is-a-trip.com\\\/\",\"name\":\"LIFE IS A TRIP\",\"description\":\"Campfire Storytelling 2.0\",\"publisher\":{\"@id\":\"https:\\\/\\\/life-is-a-trip.com\\\/#\\\/schema\\\/person\\\/83efd23a4e95d766f3dd96cde15fa7ec\"},\"potentialAction\":[{\"@type\":\"SearchAction\",\"target\":{\"@type\":\"EntryPoint\",\"urlTemplate\":\"https:\\\/\\\/life-is-a-trip.com\\\/?s={search_term_string}\"},\"query-input\":{\"@type\":\"PropertyValueSpecification\",\"valueRequired\":true,\"valueName\":\"search_term_string\"}}],\"inLanguage\":\"en-US\"},{\"@type\":[\"Person\",\"Organization\"],\"@id\":\"https:\\\/\\\/life-is-a-trip.com\\\/#\\\/schema\\\/person\\\/83efd23a4e95d766f3dd96cde15fa7ec\",\"name\":\"Marco Buch\",\"image\":{\"@type\":\"ImageObject\",\"inLanguage\":\"en-US\",\"@id\":\"https:\\\/\\\/life-is-a-trip.com\\\/wp-content\\\/uploads\\\/2018\\\/05\\\/Marco-Buch.png\",\"url\":\"https:\\\/\\\/life-is-a-trip.com\\\/wp-content\\\/uploads\\\/2018\\\/05\\\/Marco-Buch.png\",\"contentUrl\":\"https:\\\/\\\/life-is-a-trip.com\\\/wp-content\\\/uploads\\\/2018\\\/05\\\/Marco-Buch.png\",\"width\":702,\"height\":702,\"caption\":\"Marco Buch\"},\"logo\":{\"@id\":\"https:\\\/\\\/life-is-a-trip.com\\\/wp-content\\\/uploads\\\/2018\\\/05\\\/Marco-Buch.png\"},\"description\":\"Marco Buch ist Filmschaffender, Buchautor, Blogger, Weltreisender. Er ist ein neugieriger Mensch und viel unterwegs. Marco hat in \u00fcber 130 unterschiedlichen Jobs gearbeitet und 77 L\u00e4nder dieser Welt bereist. Er liebt es, Erfahrungen zu sammeln und sp\u00e4ter Anderen davon zu erz\u00e4hlen. Mit 'Life is a Trip' m\u00f6chte er die Tradition der Lagerfeuergeschichten ins digitale Zeitalter hin\u00fcberretten. Marco nimmt sich selbst nicht so wahnsinnig ernst und denkt, die Welt k\u00f6nnte eine bessere sein, wenn andere diesem Beispiel folgen w\u00fcrden.\",\"sameAs\":[\"https:\\\/\\\/life-is-a-trip.com\",\"https:\\\/\\\/www.facebook.com\\\/LifeIsATripCom\\\/\",\"https:\\\/\\\/www.instagram.com\\\/lifeisatripcom\\\/\",\"https:\\\/\\\/x.com\\\/https:\\\/\\\/twitter.com\\\/LifeIsATripCOM\"]}]}<\/script>\n<!-- \/ Yoast SEO plugin. -->","yoast_head_json":{"title":"Here for the first time? - LIFE IS A TRIP","robots":{"index":"index","follow":"follow","max-snippet":"max-snippet:-1","max-image-preview":"max-image-preview:large","max-video-preview":"max-video-preview:-1"},"canonical":"https:\/\/life-is-a-trip.com\/en\/about-life-is-a-trip\/","og_locale":"en_US","og_type":"article","og_title":"Here for the first time? - LIFE IS A TRIP","og_description":"About Life is a Trip: On Life is Trip you will find travel stories which ignite your wanderlust and travel advice so you can experience your own adventures! I have 83 countries under my belt and a lot of anecdotes to tell! Check out my ...","og_url":"https:\/\/life-is-a-trip.com\/en\/about-life-is-a-trip\/","og_site_name":"LIFE IS A TRIP","article_publisher":"https:\/\/www.facebook.com\/LifeIsATripCom\/","article_modified_time":"2019-03-01T13:46:07+00:00","og_image":[{"url":"https:\/\/life-is-a-trip.com\/wp-content\/uploads\/2014\/11\/alle_buecher_2017_2.jpg","type":"","width":"","height":""}],"twitter_card":"summary_large_image","twitter_site":"@LifeIsATripCOM","twitter_misc":{"Est. reading time":"1 minute"},"schema":{"@context":"https:\/\/schema.org","@graph":[{"@type":"WebPage","@id":"https:\/\/life-is-a-trip.com\/en\/about-life-is-a-trip\/","url":"https:\/\/life-is-a-trip.com\/en\/about-life-is-a-trip\/","name":"Here for the first time? - LIFE IS A TRIP","isPartOf":{"@id":"https:\/\/life-is-a-trip.com\/#website"},"primaryImageOfPage":{"@id":"https:\/\/life-is-a-trip.com\/en\/about-life-is-a-trip\/#primaryimage"},"image":{"@id":"https:\/\/life-is-a-trip.com\/en\/about-life-is-a-trip\/#primaryimage"},"thumbnailUrl":"https:\/\/life-is-a-trip.com\/wp-content\/uploads\/2014\/11\/alle_buecher_2017_2.jpg","datePublished":"2013-11-08T19:40:34+00:00","dateModified":"2019-03-01T13:46:07+00:00","breadcrumb":{"@id":"https:\/\/life-is-a-trip.com\/en\/about-life-is-a-trip\/#breadcrumb"},"inLanguage":"en-US","potentialAction":[{"@type":"ReadAction","target":["https:\/\/life-is-a-trip.com\/en\/about-life-is-a-trip\/"]}]},{"@type":"ImageObject","inLanguage":"en-US","@id":"https:\/\/life-is-a-trip.com\/en\/about-life-is-a-trip\/#primaryimage","url":"https:\/\/life-is-a-trip.com\/wp-content\/uploads\/2014\/11\/alle_buecher_2017_2.jpg","contentUrl":"https:\/\/life-is-a-trip.com\/wp-content\/uploads\/2014\/11\/alle_buecher_2017_2.jpg"},{"@type":"BreadcrumbList","@id":"https:\/\/life-is-a-trip.com\/en\/about-life-is-a-trip\/#breadcrumb","itemListElement":[{"@type":"ListItem","position":1,"name":"Startseite","item":"https:\/\/life-is-a-trip.com\/en\/home\/"},{"@type":"ListItem","position":2,"name":"Here for the first time?"}]},{"@type":"WebSite","@id":"https:\/\/life-is-a-trip.com\/#website","url":"https:\/\/life-is-a-trip.com\/","name":"LIFE IS A TRIP","description":"Campfire Storytelling 2.0","publisher":{"@id":"https:\/\/life-is-a-trip.com\/#\/schema\/person\/83efd23a4e95d766f3dd96cde15fa7ec"},"potentialAction":[{"@type":"SearchAction","target":{"@type":"EntryPoint","urlTemplate":"https:\/\/life-is-a-trip.com\/?s={search_term_string}"},"query-input":{"@type":"PropertyValueSpecification","valueRequired":true,"valueName":"search_term_string"}}],"inLanguage":"en-US"},{"@type":["Person","Organization"],"@id":"https:\/\/life-is-a-trip.com\/#\/schema\/person\/83efd23a4e95d766f3dd96cde15fa7ec","name":"Marco Buch","image":{"@type":"ImageObject","inLanguage":"en-US","@id":"https:\/\/life-is-a-trip.com\/wp-content\/uploads\/2018\/05\/Marco-Buch.png","url":"https:\/\/life-is-a-trip.com\/wp-content\/uploads\/2018\/05\/Marco-Buch.png","contentUrl":"https:\/\/life-is-a-trip.com\/wp-content\/uploads\/2018\/05\/Marco-Buch.png","width":702,"height":702,"caption":"Marco Buch"},"logo":{"@id":"https:\/\/life-is-a-trip.com\/wp-content\/uploads\/2018\/05\/Marco-Buch.png"},"description":"Marco Buch ist Filmschaffender, Buchautor, Blogger, Weltreisender. Er ist ein neugieriger Mensch und viel unterwegs. Marco hat in \u00fcber 130 unterschiedlichen Jobs gearbeitet und 77 L\u00e4nder dieser Welt bereist. Er liebt es, Erfahrungen zu sammeln und sp\u00e4ter Anderen davon zu erz\u00e4hlen. Mit 'Life is a Trip' m\u00f6chte er die Tradition der Lagerfeuergeschichten ins digitale Zeitalter hin\u00fcberretten. Marco nimmt sich selbst nicht so wahnsinnig ernst und denkt, die Welt k\u00f6nnte eine bessere sein, wenn andere diesem Beispiel folgen w\u00fcrden.","sameAs":["https:\/\/life-is-a-trip.com","https:\/\/www.facebook.com\/LifeIsATripCom\/","https:\/\/www.instagram.com\/lifeisatripcom\/","https:\/\/x.com\/https:\/\/twitter.com\/LifeIsATripCOM"]}]}},"uagb_featured_image_src":{"full":false,"thumbnail":false,"medium":false,"medium_large":false,"large":false,"wysija-newsletters-max":false,"1536x1536":false,"2048x2048":false,"mailpoet_newsletter_max":false},"uagb_author_info":{"display_name":"Marco Buch","author_link":"https:\/\/life-is-a-trip.com\/en\/author\/admin\/"},"uagb_comment_info":1,"uagb_excerpt":"About Life is a Trip: On Life is Trip you will find travel stories which ignite your wanderlust and travel advice so you can experience your own adventures! I have 83 countries under my belt and a lot of anecdotes to tell! Check out my ...","_links":{"self":[{"href":"https:\/\/life-is-a-trip.com\/en\/wp-json\/wp\/v2\/pages\/1566","targetHints":{"allow":["GET"]}}],"collection":[{"href":"https:\/\/life-is-a-trip.com\/en\/wp-json\/wp\/v2\/pages"}],"about":[{"href":"https:\/\/life-is-a-trip.com\/en\/wp-json\/wp\/v2\/types\/page"}],"author":[{"embeddable":true,"href":"https:\/\/life-is-a-trip.com\/en\/wp-json\/wp\/v2\/users\/1"}],"replies":[{"embeddable":true,"href":"https:\/\/life-is-a-trip.com\/en\/wp-json\/wp\/v2\/comments?post=1566"}],"version-history":[{"count":0,"href":"https:\/\/life-is-a-trip.com\/en\/wp-json\/wp\/v2\/pages\/1566\/revisions"}],"wp:attachment":[{"href":"https:\/\/life-is-a-trip.com\/en\/wp-json\/wp\/v2\/media?parent=1566"}],"curies":[{"name":"wp","href":"https:\/\/api.w.org\/{rel}","templated":true}]}}