{"id":1564,"date":"2013-11-08T20:39:49","date_gmt":"2013-11-08T20:39:49","guid":{"rendered":"https:\/\/life-is-a-trip.com\/?page_id=1564"},"modified":"2024-12-03T12:05:41","modified_gmt":"2024-12-03T11:05:41","slug":"contact","status":"publish","type":"page","link":"https:\/\/life-is-a-trip.com\/en\/contact\/","title":{"rendered":"Contact"},"content":{"rendered":"<p>Do you have any questions? Do you want to tell me how brilliant I am? Or that I suck?<\/p>\n<p>There are various options for that:<\/p>\n<p>Get in touch via my\u00a0Facebook page!<\/p>\n<p>Write a comment right here on that site!<\/p>\n<p>Send me an email: marco@life-is-a-trip.com<\/p>\n","protected":false},"excerpt":{"rendered":"<p>Do you have any questions? Do you want to tell me how brilliant I am? Or that I suck? There are various options for that: Get in touch via my\u00a0Facebook page! Write a comment right here on that site! Send me an email: marco@life-is-a-trip.com<\/p>\n","protected":false},"author":1,"featured_media":0,"parent":0,"menu_order":6,"comment_status":"open","ping_status":"closed","template":"","meta":{"_acf_changed":false,"_uag_custom_page_level_css":"","footnotes":""},"class_list":{"0":"post-1564","1":"page","2":"type-page","3":"status-publish","5":"infinite-scroll-item","6":"no-featured-image-padding"},"acf":[],"yoast_head":"<!-- This site is optimized with the Yoast SEO plugin v27.4 - https:\/\/yoast.com\/product\/yoast-seo-wordpress\/ -->\n<title>Contact - LIFE IS A TRIP<\/title>\n<meta name=\"robots\" content=\"index, follow, max-snippet:-1, max-image-preview:large, max-video-preview:-1\" \/>\n<link rel=\"canonical\" href=\"https:\/\/life-is-a-trip.com\/en\/contact\/\" \/>\n<meta property=\"og:locale\" content=\"en_US\" \/>\n<meta property=\"og:type\" content=\"article\" \/>\n<meta property=\"og:title\" content=\"Contact - LIFE IS A TRIP\" \/>\n<meta property=\"og:description\" content=\"Do you have any questions? Do you want to tell me how brilliant I am? Or that I suck? There are various options for that: Get in touch via my\u00a0Facebook page! Write a comment right here on that site! Send me an email: marco@life-is-a-trip.com\" \/>\n<meta property=\"og:url\" content=\"https:\/\/life-is-a-trip.com\/en\/contact\/\" \/>\n<meta property=\"og:site_name\" content=\"LIFE IS A TRIP\" \/>\n<meta property=\"article:publisher\" content=\"https:\/\/www.facebook.com\/LifeIsATripCom\/\" \/>\n<meta property=\"article:modified_time\" content=\"2024-12-03T11:05:41+00:00\" \/>\n<meta property=\"og:image\" content=\"https:\/\/life-is-a-trip.com\/wp-content\/uploads\/2013\/11\/logolifeisatrip.png\" \/>\n\t<meta property=\"og:image:width\" content=\"425\" \/>\n\t<meta property=\"og:image:height\" content=\"242\" \/>\n\t<meta property=\"og:image:type\" content=\"image\/png\" \/>\n<meta name=\"twitter:card\" content=\"summary_large_image\" \/>\n<meta name=\"twitter:site\" content=\"@LifeIsATripCOM\" \/>\n<script type=\"application\/ld+json\" class=\"yoast-schema-graph\">{\"@context\":\"https:\\\/\\\/schema.org\",\"@graph\":[{\"@type\":\"WebPage\",\"@id\":\"https:\\\/\\\/life-is-a-trip.com\\\/en\\\/contact\\\/\",\"url\":\"https:\\\/\\\/life-is-a-trip.com\\\/en\\\/contact\\\/\",\"name\":\"Contact - LIFE IS A TRIP\",\"isPartOf\":{\"@id\":\"https:\\\/\\\/life-is-a-trip.com\\\/#website\"},\"datePublished\":\"2013-11-08T20:39:49+00:00\",\"dateModified\":\"2024-12-03T11:05:41+00:00\",\"breadcrumb\":{\"@id\":\"https:\\\/\\\/life-is-a-trip.com\\\/en\\\/contact\\\/#breadcrumb\"},\"inLanguage\":\"en-US\",\"potentialAction\":[{\"@type\":\"ReadAction\",\"target\":[\"https:\\\/\\\/life-is-a-trip.com\\\/en\\\/contact\\\/\"]}]},{\"@type\":\"BreadcrumbList\",\"@id\":\"https:\\\/\\\/life-is-a-trip.com\\\/en\\\/contact\\\/#breadcrumb\",\"itemListElement\":[{\"@type\":\"ListItem\",\"position\":1,\"name\":\"Startseite\",\"item\":\"https:\\\/\\\/life-is-a-trip.com\\\/en\\\/home\\\/\"},{\"@type\":\"ListItem\",\"position\":2,\"name\":\"Contact\"}]},{\"@type\":\"WebSite\",\"@id\":\"https:\\\/\\\/life-is-a-trip.com\\\/#website\",\"url\":\"https:\\\/\\\/life-is-a-trip.com\\\/\",\"name\":\"LIFE IS A TRIP\",\"description\":\"Campfire Storytelling 2.0\",\"publisher\":{\"@id\":\"https:\\\/\\\/life-is-a-trip.com\\\/#\\\/schema\\\/person\\\/83efd23a4e95d766f3dd96cde15fa7ec\"},\"potentialAction\":[{\"@type\":\"SearchAction\",\"target\":{\"@type\":\"EntryPoint\",\"urlTemplate\":\"https:\\\/\\\/life-is-a-trip.com\\\/?s={search_term_string}\"},\"query-input\":{\"@type\":\"PropertyValueSpecification\",\"valueRequired\":true,\"valueName\":\"search_term_string\"}}],\"inLanguage\":\"en-US\"},{\"@type\":[\"Person\",\"Organization\"],\"@id\":\"https:\\\/\\\/life-is-a-trip.com\\\/#\\\/schema\\\/person\\\/83efd23a4e95d766f3dd96cde15fa7ec\",\"name\":\"Marco Buch\",\"image\":{\"@type\":\"ImageObject\",\"inLanguage\":\"en-US\",\"@id\":\"https:\\\/\\\/life-is-a-trip.com\\\/wp-content\\\/uploads\\\/2018\\\/05\\\/Marco-Buch.png\",\"url\":\"https:\\\/\\\/life-is-a-trip.com\\\/wp-content\\\/uploads\\\/2018\\\/05\\\/Marco-Buch.png\",\"contentUrl\":\"https:\\\/\\\/life-is-a-trip.com\\\/wp-content\\\/uploads\\\/2018\\\/05\\\/Marco-Buch.png\",\"width\":702,\"height\":702,\"caption\":\"Marco Buch\"},\"logo\":{\"@id\":\"https:\\\/\\\/life-is-a-trip.com\\\/wp-content\\\/uploads\\\/2018\\\/05\\\/Marco-Buch.png\"},\"description\":\"Marco Buch ist Filmschaffender, Buchautor, Blogger, Weltreisender. Er ist ein neugieriger Mensch und viel unterwegs. Marco hat in \u00fcber 130 unterschiedlichen Jobs gearbeitet und 77 L\u00e4nder dieser Welt bereist. Er liebt es, Erfahrungen zu sammeln und sp\u00e4ter Anderen davon zu erz\u00e4hlen. Mit 'Life is a Trip' m\u00f6chte er die Tradition der Lagerfeuergeschichten ins digitale Zeitalter hin\u00fcberretten. Marco nimmt sich selbst nicht so wahnsinnig ernst und denkt, die Welt k\u00f6nnte eine bessere sein, wenn andere diesem Beispiel folgen w\u00fcrden.\",\"sameAs\":[\"https:\\\/\\\/life-is-a-trip.com\",\"https:\\\/\\\/www.facebook.com\\\/LifeIsATripCom\\\/\",\"https:\\\/\\\/www.instagram.com\\\/lifeisatripcom\\\/\",\"https:\\\/\\\/x.com\\\/https:\\\/\\\/twitter.com\\\/LifeIsATripCOM\"]}]}<\/script>\n<!-- \/ Yoast SEO plugin. -->","yoast_head_json":{"title":"Contact - LIFE IS A TRIP","robots":{"index":"index","follow":"follow","max-snippet":"max-snippet:-1","max-image-preview":"max-image-preview:large","max-video-preview":"max-video-preview:-1"},"canonical":"https:\/\/life-is-a-trip.com\/en\/contact\/","og_locale":"en_US","og_type":"article","og_title":"Contact - LIFE IS A TRIP","og_description":"Do you have any questions? Do you want to tell me how brilliant I am? Or that I suck? There are various options for that: Get in touch via my\u00a0Facebook page! Write a comment right here on that site! Send me an email: marco@life-is-a-trip.com","og_url":"https:\/\/life-is-a-trip.com\/en\/contact\/","og_site_name":"LIFE IS A TRIP","article_publisher":"https:\/\/www.facebook.com\/LifeIsATripCom\/","article_modified_time":"2024-12-03T11:05:41+00:00","og_image":[{"width":425,"height":242,"url":"https:\/\/life-is-a-trip.com\/wp-content\/uploads\/2013\/11\/logolifeisatrip.png","type":"image\/png"}],"twitter_card":"summary_large_image","twitter_site":"@LifeIsATripCOM","schema":{"@context":"https:\/\/schema.org","@graph":[{"@type":"WebPage","@id":"https:\/\/life-is-a-trip.com\/en\/contact\/","url":"https:\/\/life-is-a-trip.com\/en\/contact\/","name":"Contact - LIFE IS A TRIP","isPartOf":{"@id":"https:\/\/life-is-a-trip.com\/#website"},"datePublished":"2013-11-08T20:39:49+00:00","dateModified":"2024-12-03T11:05:41+00:00","breadcrumb":{"@id":"https:\/\/life-is-a-trip.com\/en\/contact\/#breadcrumb"},"inLanguage":"en-US","potentialAction":[{"@type":"ReadAction","target":["https:\/\/life-is-a-trip.com\/en\/contact\/"]}]},{"@type":"BreadcrumbList","@id":"https:\/\/life-is-a-trip.com\/en\/contact\/#breadcrumb","itemListElement":[{"@type":"ListItem","position":1,"name":"Startseite","item":"https:\/\/life-is-a-trip.com\/en\/home\/"},{"@type":"ListItem","position":2,"name":"Contact"}]},{"@type":"WebSite","@id":"https:\/\/life-is-a-trip.com\/#website","url":"https:\/\/life-is-a-trip.com\/","name":"LIFE IS A TRIP","description":"Campfire Storytelling 2.0","publisher":{"@id":"https:\/\/life-is-a-trip.com\/#\/schema\/person\/83efd23a4e95d766f3dd96cde15fa7ec"},"potentialAction":[{"@type":"SearchAction","target":{"@type":"EntryPoint","urlTemplate":"https:\/\/life-is-a-trip.com\/?s={search_term_string}"},"query-input":{"@type":"PropertyValueSpecification","valueRequired":true,"valueName":"search_term_string"}}],"inLanguage":"en-US"},{"@type":["Person","Organization"],"@id":"https:\/\/life-is-a-trip.com\/#\/schema\/person\/83efd23a4e95d766f3dd96cde15fa7ec","name":"Marco Buch","image":{"@type":"ImageObject","inLanguage":"en-US","@id":"https:\/\/life-is-a-trip.com\/wp-content\/uploads\/2018\/05\/Marco-Buch.png","url":"https:\/\/life-is-a-trip.com\/wp-content\/uploads\/2018\/05\/Marco-Buch.png","contentUrl":"https:\/\/life-is-a-trip.com\/wp-content\/uploads\/2018\/05\/Marco-Buch.png","width":702,"height":702,"caption":"Marco Buch"},"logo":{"@id":"https:\/\/life-is-a-trip.com\/wp-content\/uploads\/2018\/05\/Marco-Buch.png"},"description":"Marco Buch ist Filmschaffender, Buchautor, Blogger, Weltreisender. Er ist ein neugieriger Mensch und viel unterwegs. Marco hat in \u00fcber 130 unterschiedlichen Jobs gearbeitet und 77 L\u00e4nder dieser Welt bereist. Er liebt es, Erfahrungen zu sammeln und sp\u00e4ter Anderen davon zu erz\u00e4hlen. Mit 'Life is a Trip' m\u00f6chte er die Tradition der Lagerfeuergeschichten ins digitale Zeitalter hin\u00fcberretten. Marco nimmt sich selbst nicht so wahnsinnig ernst und denkt, die Welt k\u00f6nnte eine bessere sein, wenn andere diesem Beispiel folgen w\u00fcrden.","sameAs":["https:\/\/life-is-a-trip.com","https:\/\/www.facebook.com\/LifeIsATripCom\/","https:\/\/www.instagram.com\/lifeisatripcom\/","https:\/\/x.com\/https:\/\/twitter.com\/LifeIsATripCOM"]}]}},"uagb_featured_image_src":{"full":false,"thumbnail":false,"medium":false,"medium_large":false,"large":false,"wysija-newsletters-max":false,"1536x1536":false,"2048x2048":false,"mailpoet_newsletter_max":false},"uagb_author_info":{"display_name":"Marco Buch","author_link":"https:\/\/life-is-a-trip.com\/en\/author\/admin\/"},"uagb_comment_info":4,"uagb_excerpt":"Do you have any questions? Do you want to tell me how brilliant I am? Or that I suck? There are various options for that: Get in touch via my\u00a0Facebook page! Write a comment right here on that site! Send me an email: marco@life-is-a-trip.com","_links":{"self":[{"href":"https:\/\/life-is-a-trip.com\/en\/wp-json\/wp\/v2\/pages\/1564","targetHints":{"allow":["GET"]}}],"collection":[{"href":"https:\/\/life-is-a-trip.com\/en\/wp-json\/wp\/v2\/pages"}],"about":[{"href":"https:\/\/life-is-a-trip.com\/en\/wp-json\/wp\/v2\/types\/page"}],"author":[{"embeddable":true,"href":"https:\/\/life-is-a-trip.com\/en\/wp-json\/wp\/v2\/users\/1"}],"replies":[{"embeddable":true,"href":"https:\/\/life-is-a-trip.com\/en\/wp-json\/wp\/v2\/comments?post=1564"}],"version-history":[{"count":0,"href":"https:\/\/life-is-a-trip.com\/en\/wp-json\/wp\/v2\/pages\/1564\/revisions"}],"wp:attachment":[{"href":"https:\/\/life-is-a-trip.com\/en\/wp-json\/wp\/v2\/media?parent=1564"}],"curies":[{"name":"wp","href":"https:\/\/api.w.org\/{rel}","templated":true}]}}